{"id":1555,"date":"2025-08-01T07:52:25","date_gmt":"2025-08-01T07:52:25","guid":{"rendered":"https:\/\/asakinu.com.tr\/?post_type=product&#038;p=1555"},"modified":"2025-08-06T16:32:34","modified_gmt":"2025-08-06T16:32:34","slug":"umi-yukata-mercan","status":"publish","type":"product","link":"https:\/\/asakinu.com.tr\/en\/urun\/umi-yukata-mercan\/","title":{"rendered":"Umi Yukata Mercan"},"content":{"rendered":"<p>%100 Keten , Kemerli\u200b<\/p>\n<p><strong>Bak\u0131m Talimat\u0131\u200b<\/strong><\/p>\n<p>\u2022 \u00c7ama\u015f\u0131r makinesinde 30 derece, 600 devirde y\u0131kay\u0131n\u0131z.\u200b<\/p>\n<p>\u2022 Veya so\u011fuk suda elde y\u0131kay\u0131n\u0131z.\u200b<\/p>\n<p>\u2022 A\u011fart\u0131c\u0131 ve a\u011fart\u0131c\u0131 \u00f6zellikli deterjan kullanmay\u0131n\u0131z.\u200b<\/p>\n<p>\u2022 Sererek kurutunuz.\u200b<\/p>\n<p>\u2022 D\u00fc\u015f\u00fck \u0131s\u0131da \u00fct\u00fcleyiniz.<\/p>\n","protected":false},"excerpt":{"rendered":"<p data-ccp-props=\"{&quot;335551550&quot;:1,&quot;335551620&quot;:1,&quot;335559683&quot;:0,&quot;335559685&quot;:0,&quot;335559731&quot;:0,&quot;335559737&quot;:0,&quot;335562764&quot;:2,&quot;335562765&quot;:1.2,&quot;335562766&quot;:4,&quot;335562767&quot;:10,&quot;335562768&quot;:4,&quot;335562769&quot;:0}\"><span data-contrast=\"none\">%100 <\/span><span data-contrast=\"none\">Keten<\/span>\u200b<\/p>\n<p data-ccp-props=\"{&quot;335551550&quot;:1,&quot;335551620&quot;:1,&quot;335559683&quot;:0,&quot;335559685&quot;:0,&quot;335559731&quot;:0,&quot;335559737&quot;:0,&quot;335562764&quot;:2,&quot;335562765&quot;:1.2,&quot;335562766&quot;:4,&quot;335562767&quot;:10,&quot;335562768&quot;:4,&quot;335562769&quot;:0}\"><span data-contrast=\"none\">Tek beden\u00a0, klasik kol , rahat kesim , kemerli , <\/span><span data-contrast=\"none\">basen alt\u0131 boy <\/span><span data-contrast=\"none\">, %100 organik kuma\u015f.<\/span>\u200b<\/p>\n<p data-ccp-props=\"{&quot;335551550&quot;:1,&quot;335551620&quot;:1,&quot;335559683&quot;:0,&quot;335559685&quot;:0,&quot;335559731&quot;:0,&quot;335559737&quot;:0,&quot;335562764&quot;:2,&quot;335562765&quot;:1.2,&quot;335562766&quot;:4,&quot;335562767&quot;:10,&quot;335562768&quot;:4,&quot;335562769&quot;:0}\"><span data-contrast=\"none\">T\u00fcrkiye\u2019de \u00fcretilmi\u015ftir.<\/span><\/p>\n","protected":false},"featured_media":1910,"template":"","meta":[],"product_brand":[],"product_cat":[94,99],"product_tag":[],"class_list":{"0":"post-1555","1":"product","2":"type-product","3":"status-publish","4":"has-post-thumbnail","6":"product_cat-kadin","7":"product_cat-yukata","8":"pa_beden-std","10":"first","11":"instock","12":"shipping-taxable","13":"purchasable","14":"product-type-simple"},"_links":{"self":[{"href":"https:\/\/asakinu.com.tr\/en\/wp-json\/wp\/v2\/product\/1555","targetHints":{"allow":["GET"]}}],"collection":[{"href":"https:\/\/asakinu.com.tr\/en\/wp-json\/wp\/v2\/product"}],"about":[{"href":"https:\/\/asakinu.com.tr\/en\/wp-json\/wp\/v2\/types\/product"}],"version-history":[{"count":0,"href":"https:\/\/asakinu.com.tr\/en\/wp-json\/wp\/v2\/product\/1555\/revisions"}],"wp:featuredmedia":[{"embeddable":true,"href":"https:\/\/asakinu.com.tr\/en\/wp-json\/wp\/v2\/media\/1910"}],"wp:attachment":[{"href":"https:\/\/asakinu.com.tr\/en\/wp-json\/wp\/v2\/media?parent=1555"}],"wp:term":[{"taxonomy":"product_brand","embeddable":true,"href":"https:\/\/asakinu.com.tr\/en\/wp-json\/wp\/v2\/product_brand?post=1555"},{"taxonomy":"product_cat","embeddable":true,"href":"https:\/\/asakinu.com.tr\/en\/wp-json\/wp\/v2\/product_cat?post=1555"},{"taxonomy":"product_tag","embeddable":true,"href":"https:\/\/asakinu.com.tr\/en\/wp-json\/wp\/v2\/product_tag?post=1555"}],"curies":[{"name":"wp","href":"https:\/\/api.w.org\/{rel}","templated":true}]}}